{"id":15806,"date":"2023-06-21T03:14:20","date_gmt":"2023-06-21T03:14:20","guid":{"rendered":"http:\/\/enconstruccion.co\/galenos\/?page_id=15806"},"modified":"2023-06-21T03:46:12","modified_gmt":"2023-06-21T03:46:12","slug":"informacion-educativa","status":"publish","type":"page","link":"http:\/\/enconstruccion.co\/galenos\/informacion-educativa\/","title":{"rendered":"INFORMACI\u00d3N EDUCATIVA"},"content":{"rendered":"\t\t<div data-elementor-type=\"wp-page\" data-elementor-id=\"15806\" class=\"elementor elementor-15806\">\n\t\t\t\t\t\t\t\t\t<section class=\"wd-negative-gap elementor-section elementor-top-section elementor-element elementor-element-31344744 elementor-section-boxed elementor-section-height-default elementor-section-height-default wd-section-disabled\" data-id=\"31344744\" data-element_type=\"section\" data-settings=\"{&quot;ekit_has_onepagescroll_dot&quot;:&quot;yes&quot;}\">\n\t\t\t\t\t\t<div class=\"elementor-container elementor-column-gap-no\">\n\t\t\t\t\t<div class=\"elementor-column elementor-col-100 elementor-top-column elementor-element elementor-element-7d659afc\" data-id=\"7d659afc\" data-element_type=\"column\">\n\t\t\t<div class=\"elementor-widget-wrap elementor-element-populated\">\n\t\t\t\t\t\t\t\t<div class=\"elementor-element elementor-element-61769aaa elementor-widget elementor-widget-slider_revolution\" data-id=\"61769aaa\" data-element_type=\"widget\" data-settings=\"{&quot;ekit_we_effect_on&quot;:&quot;none&quot;}\" data-widget_type=\"slider_revolution.default\">\n\t\t\t\t<div class=\"elementor-widget-container\">\n\t\t\t\r\n\t\t<div class=\"wp-block-themepunch-revslider\">\n\t\t\t<!-- START INFORMACI\u00d3N EDUCATIVA 1 REVOLUTION SLIDER 6.6.14 --><p class=\"rs-p-wp-fix\"><\/p>\n\t\t\t<rs-module-wrap id=\"rev_slider_6_1_wrapper\" data-source=\"gallery\" style=\"visibility:hidden;background:transparent;padding:0;margin:0px auto;margin-top:0;margin-bottom:0;\">\n\t\t\t\t<rs-module id=\"rev_slider_6_1\" style=\"\" data-version=\"6.6.14\">\n\t\t\t\t\t<rs-slides style=\"overflow: hidden; position: absolute;\">\n\t\t\t\t\t\t<rs-slide style=\"position: absolute;\" data-key=\"rs-6\" data-title=\"Slide\" data-in=\"o:0;\" data-out=\"a:false;\">\n\t\t\t\t\t\t\t<img decoding=\"async\" src=\"\/\/enconstruccion.co\/galenos\/wp-content\/plugins\/revslider\/public\/assets\/assets\/dummy.png\" alt=\"\" title=\"BANNER\" width=\"1900\" height=\"723\" class=\"rev-slidebg tp-rs-img rs-lazyload\" data-lazyload=\"\/\/enconstruccion.co\/galenos\/wp-content\/uploads\/2023\/06\/BANNER-1.jpg\" data-no-retina>\n<!--\n\t\t\t\t\t\t\t--><rs-layer\n\t\t\t\t\t\t\t\tid=\"slider-6-slide-6-layer-0\" \n\t\t\t\t\t\t\t\tdata-type=\"text\"\n\t\t\t\t\t\t\t\tdata-rsp_ch=\"on\"\n\t\t\t\t\t\t\t\tdata-xy=\"xo:189px,189px,189px,17px;yo:484px,484px,484px,308px;\"\n\t\t\t\t\t\t\t\tdata-text=\"w:normal;s:90,90,90,41;l:94,94,94,41;fw:700;\"\n\t\t\t\t\t\t\t\tdata-frame_999=\"o:0;st:w;\"\n\t\t\t\t\t\t\t\tstyle=\"z-index:7;font-family:'Montserrat';\"\n\t\t\t\t\t\t\t>  INFORMACI\u00d3N<br \/>\n EDUCATIVA   \n\t\t\t\t\t\t\t<\/rs-layer><!--\n\n\t\t\t\t\t\t\t--><rs-layer\n\t\t\t\t\t\t\t\tid=\"slider-6-slide-6-layer-4\" \n\t\t\t\t\t\t\t\tdata-type=\"shape\"\n\t\t\t\t\t\t\t\tdata-rsp_ch=\"on\"\n\t\t\t\t\t\t\t\tdata-xy=\"xo:198px,198px,198px,21px;yo:673px,673px,673px,393px;\"\n\t\t\t\t\t\t\t\tdata-text=\"w:normal;s:20,20,20,4;l:0,0,0,6;\"\n\t\t\t\t\t\t\t\tdata-dim=\"w:300px,300px,300px,75px;h:5px,5px,5px,1px;\"\n\t\t\t\t\t\t\t\tdata-frame_999=\"o:0;st:w;\"\n\t\t\t\t\t\t\t\tstyle=\"z-index:8;background-color:#ffffff;\"\n\t\t\t\t\t\t\t> \n\t\t\t\t\t\t\t<\/rs-layer><!--\n-->\t\t\t\t\t\t<\/rs-slide>\n\t\t\t\t\t<\/rs-slides>\n\t\t\t\t<\/rs-module>\n\t\t\t\t<script>\n\t\t\t\t\tsetREVStartSize({c: 'rev_slider_6_1',rl:[1240,1240,1240,480],el:[723,723,723,400],gw:[1900,1900,1900,480],gh:[723,723,723,400],type:'standard',justify:'',layout:'fullwidth',mh:\"0\"});if (window.RS_MODULES!==undefined && window.RS_MODULES.modules!==undefined && window.RS_MODULES.modules[\"revslider61\"]!==undefined) {window.RS_MODULES.modules[\"revslider61\"].once = false;window.revapi6 = undefined;if (window.RS_MODULES.checkMinimal!==undefined) window.RS_MODULES.checkMinimal()}\n\t\t\t\t<\/script>\n\t\t\t<\/rs-module-wrap>\n\t\t\t<!-- END REVOLUTION SLIDER -->\n<\/div>\r\n\r\n\t\t\t\t<\/div>\n\t\t\t\t<\/div>\n\t\t\t\t\t<\/div>\n\t\t<\/div>\n\t\t\t\t\t\t\t<\/div>\n\t\t<\/section>\n\t\t\t\t<section class=\"wd-negative-gap elementor-section elementor-top-section elementor-element elementor-element-3efd245a elementor-section-boxed elementor-section-height-default elementor-section-height-default wd-section-disabled\" data-id=\"3efd245a\" data-element_type=\"section\" data-settings=\"{&quot;ekit_has_onepagescroll_dot&quot;:&quot;yes&quot;}\">\n\t\t\t\t\t\t<div class=\"elementor-container elementor-column-gap-default\">\n\t\t\t\t\t<div class=\"elementor-column elementor-col-100 elementor-top-column elementor-element elementor-element-1503edf3\" data-id=\"1503edf3\" data-element_type=\"column\">\n\t\t\t<div class=\"elementor-widget-wrap elementor-element-populated\">\n\t\t\t\t\t\t\t\t<div class=\"elementor-element elementor-element-ee4ae66 elementor-widget elementor-widget-elementskit-tab\" data-id=\"ee4ae66\" data-element_type=\"widget\" data-settings=\"{&quot;ekit_we_effect_on&quot;:&quot;none&quot;}\" data-widget_type=\"elementskit-tab.default\">\n\t\t\t\t<div class=\"elementor-widget-container\">\n\t\t\t<div class=\"ekit-wid-con\" >        <div class=\"elementkit-tab-wraper vertical  elementskit-fitcontent-tab \">\n            <ul class=\"nav nav-tabs elementkit-tab-nav \">\n                                    <li class=\"elementkit-nav-item elementor-repeater-item-9de1541\">\n                        <a class=\"elementkit-nav-link  active left-pos\" id=\"content-9de154169e03619a5cd4-tab\" data-ekit-handler-id=\"acupuntura\" data-ekit-toggle=\"tab\" data-target=\"#content-9de154169e03619a5cd4\" href=\"#content-9de154169e03619a5cd4\"\n                            data-ekit-toggle-trigger=\"click\"\n                            aria-describedby=\"content-9de154169e03619a5cd4\">\n                                                        <div class=\"ekit-tab-title-group\">\n                                                                <span class=\"elementskit-tab-title\">Acupuntura<\/span>\n                            <\/div>\n                        <\/a>\n                    <\/li>\n                                        <li class=\"elementkit-nav-item elementor-repeater-item-be70e59\">\n                        <a class=\"elementkit-nav-link  left-pos\" id=\"content-be70e5969e03619a5cd4-tab\" data-ekit-handler-id=\"prevenci-n-detecci-n-temprana\" data-ekit-toggle=\"tab\" data-target=\"#content-be70e5969e03619a5cd4\" href=\"#content-be70e5969e03619a5cd4\"\n                            data-ekit-toggle-trigger=\"click\"\n                            aria-describedby=\"content-be70e5969e03619a5cd4\">\n                                                        <div class=\"ekit-tab-title-group\">\n                                                                <span class=\"elementskit-tab-title\">prevenci\u00f3n, detecci\u00f3n temprana<\/span>\n                            <\/div>\n                        <\/a>\n                    <\/li>\n                                        <li class=\"elementkit-nav-item elementor-repeater-item-ddedb13\">\n                        <a class=\"elementkit-nav-link  left-pos\" id=\"content-ddedb1369e03619a5cd4-tab\" data-ekit-handler-id=\"enfermedades-cardiovasculares\" data-ekit-toggle=\"tab\" data-target=\"#content-ddedb1369e03619a5cd4\" href=\"#content-ddedb1369e03619a5cd4\"\n                            data-ekit-toggle-trigger=\"click\"\n                            aria-describedby=\"content-ddedb1369e03619a5cd4\">\n                                                        <div class=\"ekit-tab-title-group\">\n                                                                <span class=\"elementskit-tab-title\">enfermedades cardiovasculares<\/span>\n                            <\/div>\n                        <\/a>\n                    <\/li>\n                                        <li class=\"elementkit-nav-item elementor-repeater-item-14c94b3\">\n                        <a class=\"elementkit-nav-link  left-pos\" id=\"content-14c94b369e03619a5cd4-tab\" data-ekit-handler-id=\"la-sal-en-la-alimentaci-n\" data-ekit-toggle=\"tab\" data-target=\"#content-14c94b369e03619a5cd4\" href=\"#content-14c94b369e03619a5cd4\"\n                            data-ekit-toggle-trigger=\"click\"\n                            aria-describedby=\"content-14c94b369e03619a5cd4\">\n                                                        <div class=\"ekit-tab-title-group\">\n                                                                <span class=\"elementskit-tab-title\">la sal en la alimentaci\u00f3n<\/span>\n                            <\/div>\n                        <\/a>\n                    <\/li>\n                                        <li class=\"elementkit-nav-item elementor-repeater-item-8f13acc\">\n                        <a class=\"elementkit-nav-link  left-pos\" id=\"content-8f13acc69e03619a5cd4-tab\" data-ekit-handler-id=\"gu-a-de-atenci-n\" data-ekit-toggle=\"tab\" data-target=\"#content-8f13acc69e03619a5cd4\" href=\"#content-8f13acc69e03619a5cd4\"\n                            data-ekit-toggle-trigger=\"click\"\n                            aria-describedby=\"content-8f13acc69e03619a5cd4\">\n                                                        <div class=\"ekit-tab-title-group\">\n                                                                <span class=\"elementskit-tab-title\">GU\u00cdA DE ATENCI\u00d3N<\/span>\n                            <\/div>\n                        <\/a>\n                    <\/li>\n                                <\/ul>\n\n            <div class=\"tab-content elementkit-tab-content\">\n                                    <div class=\"tab-pane elementkit-tab-pane elementor-repeater-item-9de1541  active show\" id=\"content-9de154169e03619a5cd4\" role=\"tabpanel\"\n                         aria-labelledby=\"content-9de154169e03619a5cd4-tab\">\n                        <div class=\"animated fadeIn\">\n                            \n\t\t<div class=\"widgetarea_warper widgetarea_warper_editable\" data-elementskit-widgetarea-key=\"ee4ae66\"  data-elementskit-widgetarea-index=\"9de1541\">\n\t\t\t<div class=\"widgetarea_warper_edit\" data-elementskit-widgetarea-key=\"ee4ae66\" data-elementskit-widgetarea-index=\"9de1541\">\n\t\t\t\t<i class=\"eicon-edit\" aria-hidden=\"true\"><\/i>\n\t\t\t\t<span>Edit Content<\/span>\n\t\t\t<\/div>\n\n\t\t\t\t\t\t\t\t<div class=\"elementor-widget-container\">\n\t\t\t\t\t\t\t<div data-elementor-type=\"wp-post\" data-elementor-id=\"15828\" class=\"elementor elementor-15828\">\n\t\t\t\t\t\t\t\t\t<section class=\"wd-negative-gap elementor-section elementor-top-section elementor-element elementor-element-5f9c8821 elementor-section-boxed elementor-section-height-default elementor-section-height-default wd-section-disabled\" data-id=\"5f9c8821\" data-element_type=\"section\" data-settings=\"{&quot;ekit_has_onepagescroll_dot&quot;:&quot;yes&quot;}\">\n\t\t\t\t\t\t<div class=\"elementor-container elementor-column-gap-default\">\n\t\t\t\t\t<div class=\"elementor-column elementor-col-100 elementor-top-column elementor-element elementor-element-5c53fed\" data-id=\"5c53fed\" data-element_type=\"column\">\n\t\t\t<div class=\"elementor-widget-wrap elementor-element-populated\">\n\t\t\t\t\t\t\t\t<div class=\"elementor-element elementor-element-2204afb0 elementor-widget elementor-widget-heading\" data-id=\"2204afb0\" data-element_type=\"widget\" data-settings=\"{&quot;ekit_we_effect_on&quot;:&quot;none&quot;}\" data-widget_type=\"heading.default\">\n\t\t\t\t<div class=\"elementor-widget-container\">\n\t\t\t<style>\/*! elementor - v3.13.2 - 11-05-2023 *\/\n.elementor-heading-title{padding:0;margin:0;line-height:1}.elementor-widget-heading .elementor-heading-title[class*=elementor-size-]>a{color:inherit;font-size:inherit;line-height:inherit}.elementor-widget-heading .elementor-heading-title.elementor-size-small{font-size:15px}.elementor-widget-heading .elementor-heading-title.elementor-size-medium{font-size:19px}.elementor-widget-heading .elementor-heading-title.elementor-size-large{font-size:29px}.elementor-widget-heading .elementor-heading-title.elementor-size-xl{font-size:39px}.elementor-widget-heading .elementor-heading-title.elementor-size-xxl{font-size:59px}<\/style><h2 class=\"elementor-heading-title elementor-size-default\">Acupuntura para el tratamiento del dolor<\/h2>\t\t<\/div>\n\t\t\t\t<\/div>\n\t\t\t\t<div class=\"elementor-element elementor-element-6e181f elementor-widget elementor-widget-heading\" data-id=\"6e181f\" data-element_type=\"widget\" data-settings=\"{&quot;ekit_we_effect_on&quot;:&quot;none&quot;}\" data-widget_type=\"heading.default\">\n\t\t\t\t<div class=\"elementor-widget-container\">\n\t\t\t<h2 class=\"elementor-heading-title elementor-size-default\">Revista M\u00e9dica Cl\u00ednica Las Condes: ACUPUNTURA Y DOLOR<\/h2>\t\t<\/div>\n\t\t\t\t<\/div>\n\t\t\t\t<div class=\"elementor-element elementor-element-13518fbc color-scheme-inherit text-left elementor-widget elementor-widget-text-editor\" data-id=\"13518fbc\" data-element_type=\"widget\" data-settings=\"{&quot;ekit_we_effect_on&quot;:&quot;none&quot;}\" data-widget_type=\"text-editor.default\">\n\t\t\t\t<div class=\"elementor-widget-container\">\n\t\t\t<style>\/*! elementor - v3.13.2 - 11-05-2023 *\/\n.elementor-widget-text-editor.elementor-drop-cap-view-stacked .elementor-drop-cap{background-color:#69727d;color:#fff}.elementor-widget-text-editor.elementor-drop-cap-view-framed .elementor-drop-cap{color:#69727d;border:3px solid;background-color:transparent}.elementor-widget-text-editor:not(.elementor-drop-cap-view-default) .elementor-drop-cap{margin-top:8px}.elementor-widget-text-editor:not(.elementor-drop-cap-view-default) .elementor-drop-cap-letter{width:1em;height:1em}.elementor-widget-text-editor .elementor-drop-cap{float:left;text-align:center;line-height:1;font-size:50px}.elementor-widget-text-editor .elementor-drop-cap-letter{display:inline-block}<\/style>\t\t\t\t<p>basada en el manejo del dolor con acupuntura y t\u00e9cnicas asociadas a la acupuntura como: moxibusti\u00f3n,ventosas,electroacupuntura,laserpuntura.<\/p><p>La acupuntura representa el \u00e1rea m\u00e1s conocida y difundida en Occidente, de la medicina tradicional china. Consiste en una t\u00e9cnica en la cual se insertan agujas muy delgadas en puntos<br \/>anat\u00f3micos espec\u00edficos de la superficie corporal de acuerdo a la enfermedad o dolencia que se quiere tratar. Sin embargo, su extendida pr\u00e1ctica a\u00fan tiene como desaf\u00edo consolidar sus fundamentos y \u00e1reas de real utilidad terap\u00e9utica, con s\u00f3lidas evidencias aportadas por estudios bajo la m\u00e1s exigente metodolog\u00eda cient\u00edfica.<\/p><p>La t\u00e9cnica de la acupuntura contempla varias modalidades de estimulaci\u00f3n de las agujas insertadas, que pueden ser manipuladas manualmente (acupuntura manual), est\u00edmulos el\u00e9ctricos<br \/>(electro-acupuntura), calor (moxibusti\u00f3n), presi\u00f3n (acupresi\u00f3n) o energ\u00eda l\u00e1ser con la finalidad de \u201creanear las energ\u00edas del cuerpo o el Qi\u201d. Se incluye tambi\u00e9n la aur\u00edculo terapia, que es la estimulaci\u00f3n mediante la presi\u00f3n o punci\u00f3n de puntos espec\u00edficos<br \/>en el pabell\u00f3n auricular.<\/p>\t\t\t\t\t\t<\/div>\n\t\t\t\t<\/div>\n\t\t\t\t\t<\/div>\n\t\t<\/div>\n\t\t\t\t\t\t\t<\/div>\n\t\t<\/section>\n\t\t\t\t<section class=\"wd-negative-gap elementor-section elementor-top-section elementor-element elementor-element-237385c elementor-section-boxed elementor-section-height-default elementor-section-height-default wd-section-disabled\" data-id=\"237385c\" data-element_type=\"section\" data-settings=\"{&quot;ekit_has_onepagescroll_dot&quot;:&quot;yes&quot;}\">\n\t\t\t\t\t\t<div class=\"elementor-container elementor-column-gap-default\">\n\t\t\t\t\t<div class=\"elementor-column elementor-col-100 elementor-top-column elementor-element elementor-element-ef8e013\" data-id=\"ef8e013\" data-element_type=\"column\">\n\t\t\t<div class=\"elementor-widget-wrap elementor-element-populated\">\n\t\t\t\t\t\t\t\t<div class=\"elementor-element elementor-element-426c5e3e elementor-widget__width-auto elementor-widget elementor-widget-heading\" data-id=\"426c5e3e\" data-element_type=\"widget\" data-settings=\"{&quot;ekit_we_effect_on&quot;:&quot;none&quot;}\" data-widget_type=\"heading.default\">\n\t\t\t\t<div class=\"elementor-widget-container\">\n\t\t\t<h2 class=\"elementor-heading-title elementor-size-default\">REVISTA M\u00c9DICA CL\u00cdNICALAS CONDES<\/h2>\t\t<\/div>\n\t\t\t\t<\/div>\n\t\t\t\t\t<\/div>\n\t\t<\/div>\n\t\t\t\t\t\t\t<\/div>\n\t\t<\/section>\n\t\t\t\t\t\t\t<\/div>\n\t\t\t\t\t\t\t<\/div>\n\t\t\t\t\t\t<\/div>\n\t\t                        <\/div>\n                    <\/div>\n                                    <div class=\"tab-pane elementkit-tab-pane elementor-repeater-item-be70e59 \" id=\"content-be70e5969e03619a5cd4\" role=\"tabpanel\"\n                         aria-labelledby=\"content-be70e5969e03619a5cd4-tab\">\n                        <div class=\"animated fadeIn\">\n                            \n\t\t<div class=\"widgetarea_warper widgetarea_warper_editable\" data-elementskit-widgetarea-key=\"ee4ae66\"  data-elementskit-widgetarea-index=\"be70e59\">\n\t\t\t<div class=\"widgetarea_warper_edit\" data-elementskit-widgetarea-key=\"ee4ae66\" data-elementskit-widgetarea-index=\"be70e59\">\n\t\t\t\t<i class=\"eicon-edit\" aria-hidden=\"true\"><\/i>\n\t\t\t\t<span>Edit Content<\/span>\n\t\t\t<\/div>\n\n\t\t\t\t\t\t\t\t<div class=\"elementor-widget-container\">\n\t\t\t\t\t\t\t\t\t\t<\/div>\n\t\t\t\t\t\t<\/div>\n\t\t                        <\/div>\n                    <\/div>\n                                    <div class=\"tab-pane elementkit-tab-pane elementor-repeater-item-ddedb13 \" id=\"content-ddedb1369e03619a5cd4\" role=\"tabpanel\"\n                         aria-labelledby=\"content-ddedb1369e03619a5cd4-tab\">\n                        <div class=\"animated fadeIn\">\n                            \n\t\t<div class=\"widgetarea_warper widgetarea_warper_editable\" data-elementskit-widgetarea-key=\"ee4ae66\"  data-elementskit-widgetarea-index=\"ddedb13\">\n\t\t\t<div class=\"widgetarea_warper_edit\" data-elementskit-widgetarea-key=\"ee4ae66\" data-elementskit-widgetarea-index=\"ddedb13\">\n\t\t\t\t<i class=\"eicon-edit\" aria-hidden=\"true\"><\/i>\n\t\t\t\t<span>Edit Content<\/span>\n\t\t\t<\/div>\n\n\t\t\t\t\t\t\t\t<div class=\"elementor-widget-container\">\n\t\t\t\t\t\t\t\t\t\t<\/div>\n\t\t\t\t\t\t<\/div>\n\t\t                        <\/div>\n                    <\/div>\n                                    <div class=\"tab-pane elementkit-tab-pane elementor-repeater-item-14c94b3 \" id=\"content-14c94b369e03619a5cd4\" role=\"tabpanel\"\n                         aria-labelledby=\"content-14c94b369e03619a5cd4-tab\">\n                        <div class=\"animated fadeIn\">\n                            \n\t\t<div class=\"widgetarea_warper widgetarea_warper_editable\" data-elementskit-widgetarea-key=\"ee4ae66\"  data-elementskit-widgetarea-index=\"14c94b3\">\n\t\t\t<div class=\"widgetarea_warper_edit\" data-elementskit-widgetarea-key=\"ee4ae66\" data-elementskit-widgetarea-index=\"14c94b3\">\n\t\t\t\t<i class=\"eicon-edit\" aria-hidden=\"true\"><\/i>\n\t\t\t\t<span>Edit Content<\/span>\n\t\t\t<\/div>\n\n\t\t\t\t\t\t\t\t<div class=\"elementor-widget-container\">\n\t\t\t\t\t\t\t<div data-elementor-type=\"wp-post\" data-elementor-id=\"15823\" class=\"elementor elementor-15823\">\n\t\t\t\t\t\t\t\t\t<section class=\"wd-negative-gap elementor-section elementor-top-section elementor-element elementor-element-76a4fd0 elementor-section-boxed elementor-section-height-default elementor-section-height-default wd-section-disabled\" data-id=\"76a4fd0\" data-element_type=\"section\" data-settings=\"{&quot;ekit_has_onepagescroll_dot&quot;:&quot;yes&quot;}\">\n\t\t\t\t\t\t<div class=\"elementor-container elementor-column-gap-default\">\n\t\t\t\t\t<div class=\"elementor-column elementor-col-100 elementor-top-column elementor-element elementor-element-617c74b\" data-id=\"617c74b\" data-element_type=\"column\">\n\t\t\t<div class=\"elementor-widget-wrap elementor-element-populated\">\n\t\t\t\t\t\t\t\t<div class=\"elementor-element elementor-element-d789362 elementor-widget elementor-widget-heading\" data-id=\"d789362\" data-element_type=\"widget\" data-settings=\"{&quot;ekit_we_effect_on&quot;:&quot;none&quot;}\" data-widget_type=\"heading.default\">\n\t\t\t\t<div class=\"elementor-widget-container\">\n\t\t\t<h2 class=\"elementor-heading-title elementor-size-default\">Acupuntura para el tratamiento del dolor<\/h2>\t\t<\/div>\n\t\t\t\t<\/div>\n\t\t\t\t<div class=\"elementor-element elementor-element-659e848 elementor-widget elementor-widget-heading\" data-id=\"659e848\" data-element_type=\"widget\" data-settings=\"{&quot;ekit_we_effect_on&quot;:&quot;none&quot;}\" data-widget_type=\"heading.default\">\n\t\t\t\t<div class=\"elementor-widget-container\">\n\t\t\t<h2 class=\"elementor-heading-title elementor-size-default\">Revista M\u00e9dica Cl\u00ednica Las Condes: ACUPUNTURA Y DOLOR<\/h2>\t\t<\/div>\n\t\t\t\t<\/div>\n\t\t\t\t<div class=\"elementor-element elementor-element-fd08aba color-scheme-inherit text-left elementor-widget elementor-widget-text-editor\" data-id=\"fd08aba\" data-element_type=\"widget\" data-settings=\"{&quot;ekit_we_effect_on&quot;:&quot;none&quot;}\" data-widget_type=\"text-editor.default\">\n\t\t\t\t<div class=\"elementor-widget-container\">\n\t\t\t\t\t\t\t<p>basada en el manejo del dolor con acupuntura y t\u00e9cnicas asociadas a la acupuntura como: moxibusti\u00f3n,ventosas,electroacupuntura,laserpuntura.<\/p><p>La acupuntura representa el \u00e1rea m\u00e1s conocida y difundida en Occidente, de la medicina tradicional china. Consiste en una t\u00e9cnica en la cual se insertan agujas muy delgadas en puntos<br \/>anat\u00f3micos espec\u00edficos de la superficie corporal de acuerdo a la enfermedad o dolencia que se quiere tratar. Sin embargo, su extendida pr\u00e1ctica a\u00fan tiene como desaf\u00edo consolidar sus fundamentos y \u00e1reas de real utilidad terap\u00e9utica, con s\u00f3lidas evidencias aportadas por estudios bajo la m\u00e1s exigente metodolog\u00eda cient\u00edfica.<\/p><p>La t\u00e9cnica de la acupuntura contempla varias modalidades de estimulaci\u00f3n de las agujas insertadas, que pueden ser manipuladas manualmente (acupuntura manual), est\u00edmulos el\u00e9ctricos<br \/>(electro-acupuntura), calor (moxibusti\u00f3n), presi\u00f3n (acupresi\u00f3n) o energ\u00eda l\u00e1ser con la finalidad de \u201creanear las energ\u00edas del cuerpo o el Qi\u201d. Se incluye tambi\u00e9n la aur\u00edculo terapia, que es la estimulaci\u00f3n mediante la presi\u00f3n o punci\u00f3n de puntos espec\u00edficos<br \/>en el pabell\u00f3n auricular.<\/p>\t\t\t\t\t\t<\/div>\n\t\t\t\t<\/div>\n\t\t\t\t\t<\/div>\n\t\t<\/div>\n\t\t\t\t\t\t\t<\/div>\n\t\t<\/section>\n\t\t\t\t<section class=\"wd-negative-gap elementor-section elementor-top-section elementor-element elementor-element-769ead4 elementor-section-boxed elementor-section-height-default elementor-section-height-default wd-section-disabled\" data-id=\"769ead4\" data-element_type=\"section\" data-settings=\"{&quot;ekit_has_onepagescroll_dot&quot;:&quot;yes&quot;}\">\n\t\t\t\t\t\t<div class=\"elementor-container elementor-column-gap-default\">\n\t\t\t\t\t<div class=\"elementor-column elementor-col-100 elementor-top-column elementor-element elementor-element-368f5d6\" data-id=\"368f5d6\" data-element_type=\"column\">\n\t\t\t<div class=\"elementor-widget-wrap elementor-element-populated\">\n\t\t\t\t\t\t\t\t<div class=\"elementor-element elementor-element-ceba7d3 elementor-widget__width-auto elementor-widget elementor-widget-heading\" data-id=\"ceba7d3\" data-element_type=\"widget\" data-settings=\"{&quot;ekit_we_effect_on&quot;:&quot;none&quot;}\" data-widget_type=\"heading.default\">\n\t\t\t\t<div class=\"elementor-widget-container\">\n\t\t\t<h2 class=\"elementor-heading-title elementor-size-default\">REVISTA M\u00c9DICA CL\u00cdNICALAS CONDES<\/h2>\t\t<\/div>\n\t\t\t\t<\/div>\n\t\t\t\t\t<\/div>\n\t\t<\/div>\n\t\t\t\t\t\t\t<\/div>\n\t\t<\/section>\n\t\t\t\t\t\t\t<\/div>\n\t\t\t\t\t\t\t<\/div>\n\t\t\t\t\t\t<\/div>\n\t\t                        <\/div>\n                    <\/div>\n                                    <div class=\"tab-pane elementkit-tab-pane elementor-repeater-item-8f13acc \" id=\"content-8f13acc69e03619a5cd4\" role=\"tabpanel\"\n                         aria-labelledby=\"content-8f13acc69e03619a5cd4-tab\">\n                        <div class=\"animated fadeIn\">\n                            \n\t\t<div class=\"widgetarea_warper widgetarea_warper_editable\" data-elementskit-widgetarea-key=\"ee4ae66\"  data-elementskit-widgetarea-index=\"8f13acc\">\n\t\t\t<div class=\"widgetarea_warper_edit\" data-elementskit-widgetarea-key=\"ee4ae66\" data-elementskit-widgetarea-index=\"8f13acc\">\n\t\t\t\t<i class=\"eicon-edit\" aria-hidden=\"true\"><\/i>\n\t\t\t\t<span>Edit Content<\/span>\n\t\t\t<\/div>\n\n\t\t\t\t\t\t\t\t<div class=\"elementor-widget-container\">\n\t\t\t\t\tClick on the Edit Content button to edit\/add the content.\t\t\t\t\t<\/div>\n\t\t\t\t\t\t<\/div>\n\t\t                        <\/div>\n                    <\/div>\n                            <\/div>\n        <\/div>\n    <\/div>\t\t<\/div>\n\t\t\t\t<\/div>\n\t\t\t\t\t<\/div>\n\t\t<\/div>\n\t\t\t\t\t\t\t<\/div>\n\t\t<\/section>\n\t\t\t\t\t\t\t<\/div>\n\t\t","protected":false},"excerpt":{"rendered":"<p>Acupuntura prevenci\u00f3n, detecci\u00f3n temprana enfermedades cardiovasculares la sal en la alimentaci\u00f3n GU\u00cdA DE ATENCI\u00d3N Edit Content Acupuntura para el tratamiento<\/p>\n","protected":false},"author":1,"featured_media":0,"parent":0,"menu_order":0,"comment_status":"closed","ping_status":"closed","template":"elementor_header_footer","meta":{"footnotes":""},"class_list":["post-15806","page","type-page","status-publish","hentry"],"_links":{"self":[{"href":"http:\/\/enconstruccion.co\/galenos\/wp-json\/wp\/v2\/pages\/15806","targetHints":{"allow":["GET"]}}],"collection":[{"href":"http:\/\/enconstruccion.co\/galenos\/wp-json\/wp\/v2\/pages"}],"about":[{"href":"http:\/\/enconstruccion.co\/galenos\/wp-json\/wp\/v2\/types\/page"}],"author":[{"embeddable":true,"href":"http:\/\/enconstruccion.co\/galenos\/wp-json\/wp\/v2\/users\/1"}],"replies":[{"embeddable":true,"href":"http:\/\/enconstruccion.co\/galenos\/wp-json\/wp\/v2\/comments?post=15806"}],"version-history":[{"count":22,"href":"http:\/\/enconstruccion.co\/galenos\/wp-json\/wp\/v2\/pages\/15806\/revisions"}],"predecessor-version":[{"id":15846,"href":"http:\/\/enconstruccion.co\/galenos\/wp-json\/wp\/v2\/pages\/15806\/revisions\/15846"}],"wp:attachment":[{"href":"http:\/\/enconstruccion.co\/galenos\/wp-json\/wp\/v2\/media?parent=15806"}],"curies":[{"name":"wp","href":"https:\/\/api.w.org\/{rel}","templated":true}]}}